{"id":80,"date":"2022-02-20T19:13:02","date_gmt":"2022-02-20T18:13:02","guid":{"rendered":"https:\/\/herborely.fr\/index.php\/produit\/hoodie-with-logo\/"},"modified":"2022-03-20T23:43:15","modified_gmt":"2022-03-20T22:43:15","slug":"hoodie-with-logo","status":"publish","type":"product","link":"https:\/\/herborely.fr\/index.php\/produit\/hoodie-with-logo\/","title":{"rendered":"Potion d&rsquo;Amour n\u00b01"},"content":{"rendered":"<p>Synergie d&rsquo;huiles essentielles.<br \/>\nPour partager un moment de cocooning<\/p>\n<p>Compos\u00e9 d\u2019Ylang-Ylang d\u2019Encens, de Bois de Rose et de Mandarine pour une synergie fleurie et fruit\u00e9e.<\/p>\n<p>Peuvent \u00eatre utilis\u00e9es en inhalation, en massage ou en diffusion.<\/p>\n<p>Coffret pr\u00eat \u00e0 m\u00e9langer, notice fournie.<\/p>\n","protected":false},"excerpt":{"rendered":"<p>Pour partager un moment de cocooning<\/p>\n","protected":false},"featured_media":45,"comment_status":"open","ping_status":"closed","template":"","meta":{"_monsterinsights_skip_tracking":false,"_monsterinsights_sitenote_active":false,"_monsterinsights_sitenote_note":"","_monsterinsights_sitenote_category":0},"product_brand":[],"product_cat":[23],"product_tag":[],"class_list":{"0":"post-80","1":"product","2":"type-product","3":"status-publish","4":"has-post-thumbnail","6":"product_cat-coffrets","8":"first","9":"instock","10":"taxable","11":"shipping-taxable","12":"purchasable","13":"product-type-simple"},"_links":{"self":[{"href":"https:\/\/herborely.fr\/index.php\/wp-json\/wp\/v2\/product\/80","targetHints":{"allow":["GET"]}}],"collection":[{"href":"https:\/\/herborely.fr\/index.php\/wp-json\/wp\/v2\/product"}],"about":[{"href":"https:\/\/herborely.fr\/index.php\/wp-json\/wp\/v2\/types\/product"}],"replies":[{"embeddable":true,"href":"https:\/\/herborely.fr\/index.php\/wp-json\/wp\/v2\/comments?post=80"}],"wp:featuredmedia":[{"embeddable":true,"href":"https:\/\/herborely.fr\/index.php\/wp-json\/wp\/v2\/media\/45"}],"wp:attachment":[{"href":"https:\/\/herborely.fr\/index.php\/wp-json\/wp\/v2\/media?parent=80"}],"wp:term":[{"taxonomy":"product_brand","embeddable":true,"href":"https:\/\/herborely.fr\/index.php\/wp-json\/wp\/v2\/product_brand?post=80"},{"taxonomy":"product_cat","embeddable":true,"href":"https:\/\/herborely.fr\/index.php\/wp-json\/wp\/v2\/product_cat?post=80"},{"taxonomy":"product_tag","embeddable":true,"href":"https:\/\/herborely.fr\/index.php\/wp-json\/wp\/v2\/product_tag?post=80"}],"curies":[{"name":"wp","href":"https:\/\/api.w.org\/{rel}","templated":true}]}}