{"id":128,"date":"2022-03-22T07:52:55","date_gmt":"2022-03-22T06:52:55","guid":{"rendered":"https:\/\/herborely.fr\/?post_type=product&#038;p=128"},"modified":"2022-03-22T07:56:27","modified_gmt":"2022-03-22T06:56:27","slug":"serenite-sommeil","status":"publish","type":"product","link":"https:\/\/herborely.fr\/index.php\/produit\/serenite-sommeil\/","title":{"rendered":"S\u00e9r\u00e9nit\u00e9 Sommeil"},"content":{"rendered":"<p>Tisane S\u00e9r\u00e9nit\u00e9 Sommeil<\/p>\n<p>Sachet de 100g<\/p>\n","protected":false},"excerpt":{"rendered":"<p>Tisane<br \/>\nsachet de 100 grammes<\/p>\n","protected":false},"featured_media":132,"comment_status":"open","ping_status":"closed","template":"","meta":{"_monsterinsights_skip_tracking":false,"_monsterinsights_sitenote_active":false,"_monsterinsights_sitenote_note":"","_monsterinsights_sitenote_category":0},"product_brand":[],"product_cat":[31],"product_tag":[27,32],"class_list":{"0":"post-128","1":"product","2":"type-product","3":"status-publish","4":"has-post-thumbnail","6":"product_cat-tisanes","7":"product_tag-herboristerie","8":"product_tag-tisane","9":"product_shipping_class-produits-livrables","11":"first","12":"instock","13":"purchasable","14":"product-type-simple"},"_links":{"self":[{"href":"https:\/\/herborely.fr\/index.php\/wp-json\/wp\/v2\/product\/128","targetHints":{"allow":["GET"]}}],"collection":[{"href":"https:\/\/herborely.fr\/index.php\/wp-json\/wp\/v2\/product"}],"about":[{"href":"https:\/\/herborely.fr\/index.php\/wp-json\/wp\/v2\/types\/product"}],"replies":[{"embeddable":true,"href":"https:\/\/herborely.fr\/index.php\/wp-json\/wp\/v2\/comments?post=128"}],"wp:featuredmedia":[{"embeddable":true,"href":"https:\/\/herborely.fr\/index.php\/wp-json\/wp\/v2\/media\/132"}],"wp:attachment":[{"href":"https:\/\/herborely.fr\/index.php\/wp-json\/wp\/v2\/media?parent=128"}],"wp:term":[{"taxonomy":"product_brand","embeddable":true,"href":"https:\/\/herborely.fr\/index.php\/wp-json\/wp\/v2\/product_brand?post=128"},{"taxonomy":"product_cat","embeddable":true,"href":"https:\/\/herborely.fr\/index.php\/wp-json\/wp\/v2\/product_cat?post=128"},{"taxonomy":"product_tag","embeddable":true,"href":"https:\/\/herborely.fr\/index.php\/wp-json\/wp\/v2\/product_tag?post=128"}],"curies":[{"name":"wp","href":"https:\/\/api.w.org\/{rel}","templated":true}]}}