{"id":113,"date":"2022-03-20T22:46:29","date_gmt":"2022-03-20T21:46:29","guid":{"rendered":"https:\/\/herborely.fr\/?post_type=product&#038;p=113"},"modified":"2022-03-21T00:14:54","modified_gmt":"2022-03-20T23:14:54","slug":"vos-essentielles-dete","status":"publish","type":"product","link":"https:\/\/herborely.fr\/index.php\/produit\/vos-essentielles-dete\/","title":{"rendered":"Vos essentielles d&rsquo;\u00e9t\u00e9"},"content":{"rendered":"<p>Synergie d&rsquo;huiles essentielles.<br \/>\nCoup de soleil, d\u00e9mangeaisons, insectes, transport, tourista.<\/p>\n<p>Compos\u00e9es de Lavande fine, de menthe poivr\u00e9e, de citronnelle de Java et d\u2019origan compact.<\/p>\n<p>Utilisation par voie orales et cutan\u00e9es.<\/p>\n<p>Coffret pr\u00eat \u00e0 m\u00e9langer, notice fournie.<\/p>\n","protected":false},"excerpt":{"rendered":"<p>coup de soleil, d\u00e9mangeaisons, insectes, transport, tourista.<\/p>\n","protected":false},"featured_media":44,"comment_status":"open","ping_status":"closed","template":"","meta":{"_monsterinsights_skip_tracking":false,"_monsterinsights_sitenote_active":false,"_monsterinsights_sitenote_note":"","_monsterinsights_sitenote_category":0},"product_brand":[],"product_cat":[23],"product_tag":[],"class_list":{"0":"post-113","1":"product","2":"type-product","3":"status-publish","4":"has-post-thumbnail","6":"product_cat-coffrets","7":"product_shipping_class-produits-livrables","9":"first","10":"instock","11":"taxable","12":"shipping-taxable","13":"purchasable","14":"product-type-simple"},"_links":{"self":[{"href":"https:\/\/herborely.fr\/index.php\/wp-json\/wp\/v2\/product\/113","targetHints":{"allow":["GET"]}}],"collection":[{"href":"https:\/\/herborely.fr\/index.php\/wp-json\/wp\/v2\/product"}],"about":[{"href":"https:\/\/herborely.fr\/index.php\/wp-json\/wp\/v2\/types\/product"}],"replies":[{"embeddable":true,"href":"https:\/\/herborely.fr\/index.php\/wp-json\/wp\/v2\/comments?post=113"}],"wp:featuredmedia":[{"embeddable":true,"href":"https:\/\/herborely.fr\/index.php\/wp-json\/wp\/v2\/media\/44"}],"wp:attachment":[{"href":"https:\/\/herborely.fr\/index.php\/wp-json\/wp\/v2\/media?parent=113"}],"wp:term":[{"taxonomy":"product_brand","embeddable":true,"href":"https:\/\/herborely.fr\/index.php\/wp-json\/wp\/v2\/product_brand?post=113"},{"taxonomy":"product_cat","embeddable":true,"href":"https:\/\/herborely.fr\/index.php\/wp-json\/wp\/v2\/product_cat?post=113"},{"taxonomy":"product_tag","embeddable":true,"href":"https:\/\/herborely.fr\/index.php\/wp-json\/wp\/v2\/product_tag?post=113"}],"curies":[{"name":"wp","href":"https:\/\/api.w.org\/{rel}","templated":true}]}}