{"id":112,"date":"2022-03-20T22:33:33","date_gmt":"2022-03-20T21:33:33","guid":{"rendered":"https:\/\/herborely.fr\/?post_type=product&#038;p=112"},"modified":"2022-03-20T23:40:57","modified_gmt":"2022-03-20T22:40:57","slug":"vos-essentielles-dhiver","status":"publish","type":"product","link":"https:\/\/herborely.fr\/index.php\/produit\/vos-essentielles-dhiver\/","title":{"rendered":"Vos essentielles d&rsquo;hiver"},"content":{"rendered":"<p>Synergie d&rsquo;huiles essentielles.<br \/>\nRhumes, maux de gorges, \u00e9pid\u00e9mies hivernales, angines, rhinopharyngite, toux s\u00e8che, pr\u00e9vention, assainir l&rsquo;environnement.<\/p>\n<p>Compos\u00e9e d\u2019eucalyptus radi\u00e9, de Menthe poivr\u00e9e, de Niaouli, de Pin sylvestre et de Ravintsara.<\/p>\n<p>Utilisation par voie orales et cutan\u00e9es, par inhalation et par diffusion.<\/p>\n<p>Coffret pr\u00eat \u00e0 m\u00e9langer, notice fournie.<\/p>\n","protected":false},"excerpt":{"rendered":"<p>Rhumes, maux de gorges, \u00e9pid\u00e9mies hivernales, angines, rhinopharyngite, toux s\u00e8che, pr\u00e9vention, assainir l&rsquo;environnement.<\/p>\n","protected":false},"featured_media":7,"comment_status":"open","ping_status":"closed","template":"","meta":{"_monsterinsights_skip_tracking":false,"_monsterinsights_sitenote_active":false,"_monsterinsights_sitenote_note":"","_monsterinsights_sitenote_category":0},"product_brand":[],"product_cat":[23],"product_tag":[],"class_list":{"0":"post-112","1":"product","2":"type-product","3":"status-publish","4":"has-post-thumbnail","6":"product_cat-coffrets","8":"first","9":"instock","10":"taxable","11":"shipping-taxable","12":"purchasable","13":"product-type-simple"},"_links":{"self":[{"href":"https:\/\/herborely.fr\/index.php\/wp-json\/wp\/v2\/product\/112","targetHints":{"allow":["GET"]}}],"collection":[{"href":"https:\/\/herborely.fr\/index.php\/wp-json\/wp\/v2\/product"}],"about":[{"href":"https:\/\/herborely.fr\/index.php\/wp-json\/wp\/v2\/types\/product"}],"replies":[{"embeddable":true,"href":"https:\/\/herborely.fr\/index.php\/wp-json\/wp\/v2\/comments?post=112"}],"wp:featuredmedia":[{"embeddable":true,"href":"https:\/\/herborely.fr\/index.php\/wp-json\/wp\/v2\/media\/7"}],"wp:attachment":[{"href":"https:\/\/herborely.fr\/index.php\/wp-json\/wp\/v2\/media?parent=112"}],"wp:term":[{"taxonomy":"product_brand","embeddable":true,"href":"https:\/\/herborely.fr\/index.php\/wp-json\/wp\/v2\/product_brand?post=112"},{"taxonomy":"product_cat","embeddable":true,"href":"https:\/\/herborely.fr\/index.php\/wp-json\/wp\/v2\/product_cat?post=112"},{"taxonomy":"product_tag","embeddable":true,"href":"https:\/\/herborely.fr\/index.php\/wp-json\/wp\/v2\/product_tag?post=112"}],"curies":[{"name":"wp","href":"https:\/\/api.w.org\/{rel}","templated":true}]}}