{"id":111,"date":"2022-03-20T22:27:41","date_gmt":"2022-03-20T21:27:41","guid":{"rendered":"https:\/\/herborely.fr\/?post_type=product&#038;p=111"},"modified":"2022-03-20T23:41:28","modified_gmt":"2022-03-20T22:41:28","slug":"detente-anti-stress","status":"publish","type":"product","link":"https:\/\/herborely.fr\/index.php\/produit\/detente-anti-stress\/","title":{"rendered":"D\u00e9tente, anti-stress"},"content":{"rendered":"<p>Synergie d&rsquo;huiles essentielles.<br \/>\nD\u00e9tente, humeur, d\u00e9prime l\u00e9g\u00e8re, insomnie,\u00a0 relaxation.<\/p>\n<p>Compos\u00e9 de lavande fine, de petit grain, d\u2019ylang-ylang et d\u2019orange douce.<\/p>\n<p>Utilisation en inhalation, en diffusion et par voie orale<\/p>\n<p>Coffret pr\u00eat \u00e0 m\u00e9langer, notice fournie.<\/p>\n","protected":false},"excerpt":{"rendered":"<p>D\u00e9tente, humeur, d\u00e9prime l\u00e9g\u00e8re, insomnie,\u00a0 relaxation.<\/p>\n","protected":false},"featured_media":10,"comment_status":"open","ping_status":"closed","template":"","meta":{"_monsterinsights_skip_tracking":false,"_monsterinsights_sitenote_active":false,"_monsterinsights_sitenote_note":"","_monsterinsights_sitenote_category":0},"product_brand":[],"product_cat":[23],"product_tag":[],"class_list":{"0":"post-111","1":"product","2":"type-product","3":"status-publish","4":"has-post-thumbnail","6":"product_cat-coffrets","8":"first","9":"instock","10":"taxable","11":"shipping-taxable","12":"purchasable","13":"product-type-simple"},"_links":{"self":[{"href":"https:\/\/herborely.fr\/index.php\/wp-json\/wp\/v2\/product\/111","targetHints":{"allow":["GET"]}}],"collection":[{"href":"https:\/\/herborely.fr\/index.php\/wp-json\/wp\/v2\/product"}],"about":[{"href":"https:\/\/herborely.fr\/index.php\/wp-json\/wp\/v2\/types\/product"}],"replies":[{"embeddable":true,"href":"https:\/\/herborely.fr\/index.php\/wp-json\/wp\/v2\/comments?post=111"}],"wp:featuredmedia":[{"embeddable":true,"href":"https:\/\/herborely.fr\/index.php\/wp-json\/wp\/v2\/media\/10"}],"wp:attachment":[{"href":"https:\/\/herborely.fr\/index.php\/wp-json\/wp\/v2\/media?parent=111"}],"wp:term":[{"taxonomy":"product_brand","embeddable":true,"href":"https:\/\/herborely.fr\/index.php\/wp-json\/wp\/v2\/product_brand?post=111"},{"taxonomy":"product_cat","embeddable":true,"href":"https:\/\/herborely.fr\/index.php\/wp-json\/wp\/v2\/product_cat?post=111"},{"taxonomy":"product_tag","embeddable":true,"href":"https:\/\/herborely.fr\/index.php\/wp-json\/wp\/v2\/product_tag?post=111"}],"curies":[{"name":"wp","href":"https:\/\/api.w.org\/{rel}","templated":true}]}}