{"id":110,"date":"2022-03-20T22:20:30","date_gmt":"2022-03-20T21:20:30","guid":{"rendered":"https:\/\/herborely.fr\/?post_type=product&#038;p=110"},"modified":"2022-03-20T23:42:02","modified_gmt":"2022-03-20T22:42:02","slug":"potion-damour-n2","status":"publish","type":"product","link":"https:\/\/herborely.fr\/index.php\/produit\/potion-damour-n2\/","title":{"rendered":"Potion d&rsquo;Amour n\u00b02"},"content":{"rendered":"<p>Synergie d&rsquo;huiles essentielles.<br \/>\nPour partager un moment de cocooning<\/p>\n<p>Compos\u00e9e d\u2019Ylang-ylang, de Cannelle de chine, de Gingembre, et de Verveine pour une synergie \u00e9pic\u00e9e et puissante.<\/p>\n<p>Utilisation en inhalation, en massage ou en diffusion.<\/p>\n<p>Coffret pr\u00eat \u00e0 m\u00e9langer, notice fournie.<\/p>\n","protected":false},"excerpt":{"rendered":"<p>Pour partager un moment de cocooning<\/p>\n","protected":false},"featured_media":45,"comment_status":"open","ping_status":"closed","template":"","meta":{"_monsterinsights_skip_tracking":false,"_monsterinsights_sitenote_active":false,"_monsterinsights_sitenote_note":"","_monsterinsights_sitenote_category":0},"product_brand":[],"product_cat":[23],"product_tag":[],"class_list":{"0":"post-110","1":"product","2":"type-product","3":"status-publish","4":"has-post-thumbnail","6":"product_cat-coffrets","8":"first","9":"instock","10":"taxable","11":"shipping-taxable","12":"purchasable","13":"product-type-simple"},"_links":{"self":[{"href":"https:\/\/herborely.fr\/index.php\/wp-json\/wp\/v2\/product\/110","targetHints":{"allow":["GET"]}}],"collection":[{"href":"https:\/\/herborely.fr\/index.php\/wp-json\/wp\/v2\/product"}],"about":[{"href":"https:\/\/herborely.fr\/index.php\/wp-json\/wp\/v2\/types\/product"}],"replies":[{"embeddable":true,"href":"https:\/\/herborely.fr\/index.php\/wp-json\/wp\/v2\/comments?post=110"}],"wp:featuredmedia":[{"embeddable":true,"href":"https:\/\/herborely.fr\/index.php\/wp-json\/wp\/v2\/media\/45"}],"wp:attachment":[{"href":"https:\/\/herborely.fr\/index.php\/wp-json\/wp\/v2\/media?parent=110"}],"wp:term":[{"taxonomy":"product_brand","embeddable":true,"href":"https:\/\/herborely.fr\/index.php\/wp-json\/wp\/v2\/product_brand?post=110"},{"taxonomy":"product_cat","embeddable":true,"href":"https:\/\/herborely.fr\/index.php\/wp-json\/wp\/v2\/product_cat?post=110"},{"taxonomy":"product_tag","embeddable":true,"href":"https:\/\/herborely.fr\/index.php\/wp-json\/wp\/v2\/product_tag?post=110"}],"curies":[{"name":"wp","href":"https:\/\/api.w.org\/{rel}","templated":true}]}}