{"id":35,"date":"2022-01-17T18:03:39","date_gmt":"2022-01-17T17:03:39","guid":{"rendered":"https:\/\/herborely.fr\/?page_id=35"},"modified":"2022-03-22T10:17:21","modified_gmt":"2022-03-22T09:17:21","slug":"a-domicile","status":"publish","type":"page","link":"https:\/\/herborely.fr\/index.php\/a-domicile\/","title":{"rendered":"\u00c0 domicile !"},"content":{"rendered":"\n<p>Retrouvez les huiles essentielles, les eaux florales, les huiles v\u00e9g\u00e9tales et les plantes qui permettent de couvrir vos besoins en aromath\u00e9rapie et phytoth\u00e9rapie.<\/p>\n","protected":false},"excerpt":{"rendered":"<p>Retrouvez les huiles essentielles, les eaux florales, les huiles v\u00e9g\u00e9tales et les plantes qui permettent de couvrir vos besoins en aromath\u00e9rapie et phytoth\u00e9rapie.<\/p>\n","protected":false},"author":1,"featured_media":0,"parent":0,"menu_order":0,"comment_status":"closed","ping_status":"closed","template":"","meta":{"_monsterinsights_skip_tracking":false,"_monsterinsights_sitenote_active":false,"_monsterinsights_sitenote_note":"","_monsterinsights_sitenote_category":0,"footnotes":""},"class_list":["post-35","page","type-page","status-publish","hentry"],"_links":{"self":[{"href":"https:\/\/herborely.fr\/index.php\/wp-json\/wp\/v2\/pages\/35","targetHints":{"allow":["GET"]}}],"collection":[{"href":"https:\/\/herborely.fr\/index.php\/wp-json\/wp\/v2\/pages"}],"about":[{"href":"https:\/\/herborely.fr\/index.php\/wp-json\/wp\/v2\/types\/page"}],"author":[{"embeddable":true,"href":"https:\/\/herborely.fr\/index.php\/wp-json\/wp\/v2\/users\/1"}],"replies":[{"embeddable":true,"href":"https:\/\/herborely.fr\/index.php\/wp-json\/wp\/v2\/comments?post=35"}],"version-history":[{"count":4,"href":"https:\/\/herborely.fr\/index.php\/wp-json\/wp\/v2\/pages\/35\/revisions"}],"predecessor-version":[{"id":144,"href":"https:\/\/herborely.fr\/index.php\/wp-json\/wp\/v2\/pages\/35\/revisions\/144"}],"wp:attachment":[{"href":"https:\/\/herborely.fr\/index.php\/wp-json\/wp\/v2\/media?parent=35"}],"curies":[{"name":"wp","href":"https:\/\/api.w.org\/{rel}","templated":true}]}}