{"id":24,"date":"2022-01-17T17:56:04","date_gmt":"2022-01-17T16:56:04","guid":{"rendered":"https:\/\/herborely.fr\/?page_id=24"},"modified":"2022-01-23T11:55:54","modified_gmt":"2022-01-23T10:55:54","slug":"herboristerie","status":"publish","type":"page","link":"https:\/\/herborely.fr\/index.php\/herboristerie\/","title":{"rendered":"Herboristerie"},"content":{"rendered":"\n<p>Les plantes apaisent bien des maux, mais en m\u00eame temps, elles sont de v\u00e9ritables sources de bien-\u00eatre.<br>Il existe un large \u00e9ventail de plantes m\u00e9dicinales permettant de traiter une multiplicit\u00e9 de maux. Chacune d&rsquo;elles a ses domaines d&rsquo;actions.<\/p>\n\n\n\n<ul class=\"wp-block-list\"><li>d\u00e9pression<\/li><li>infections<\/li><li>stress<\/li><li>fatigue<\/li><li>digestion<\/li><\/ul>\n\n\n\n<p><\/p>\n","protected":false},"excerpt":{"rendered":"<p>Les plantes apaisent bien des maux, mais en m\u00eame temps, elles sont de v\u00e9ritables sources de bien-\u00eatre.Il existe un large \u00e9ventail de plantes m\u00e9dicinales permettant de traiter une multiplicit\u00e9 de maux. Chacune d&rsquo;elles a ses domaines d&rsquo;actions. d\u00e9pression infections stress fatigue digestion<\/p>\n","protected":false},"author":1,"featured_media":0,"parent":0,"menu_order":0,"comment_status":"closed","ping_status":"closed","template":"","meta":{"_monsterinsights_skip_tracking":false,"_monsterinsights_sitenote_active":false,"_monsterinsights_sitenote_note":"","_monsterinsights_sitenote_category":0,"footnotes":""},"class_list":["post-24","page","type-page","status-publish","hentry"],"_links":{"self":[{"href":"https:\/\/herborely.fr\/index.php\/wp-json\/wp\/v2\/pages\/24","targetHints":{"allow":["GET"]}}],"collection":[{"href":"https:\/\/herborely.fr\/index.php\/wp-json\/wp\/v2\/pages"}],"about":[{"href":"https:\/\/herborely.fr\/index.php\/wp-json\/wp\/v2\/types\/page"}],"author":[{"embeddable":true,"href":"https:\/\/herborely.fr\/index.php\/wp-json\/wp\/v2\/users\/1"}],"replies":[{"embeddable":true,"href":"https:\/\/herborely.fr\/index.php\/wp-json\/wp\/v2\/comments?post=24"}],"version-history":[{"count":3,"href":"https:\/\/herborely.fr\/index.php\/wp-json\/wp\/v2\/pages\/24\/revisions"}],"predecessor-version":[{"id":58,"href":"https:\/\/herborely.fr\/index.php\/wp-json\/wp\/v2\/pages\/24\/revisions\/58"}],"wp:attachment":[{"href":"https:\/\/herborely.fr\/index.php\/wp-json\/wp\/v2\/media?parent=24"}],"curies":[{"name":"wp","href":"https:\/\/api.w.org\/{rel}","templated":true}]}}