{"id":21,"date":"2022-01-17T17:54:01","date_gmt":"2022-01-17T16:54:01","guid":{"rendered":"https:\/\/herborely.fr\/?page_id=21"},"modified":"2022-03-22T10:06:48","modified_gmt":"2022-03-22T09:06:48","slug":"aromatherapie","status":"publish","type":"page","link":"https:\/\/herborely.fr\/index.php\/aromatherapie\/","title":{"rendered":"Aromath\u00e9rapie"},"content":{"rendered":"\n<p>L&rsquo;aromath\u00e9rapie utilise les huiles essentielles pour soigner ou am\u00e9liorer un \u00e9tat g\u00e9n\u00e9ral. Comme l&rsquo;indiquent \u00ab\u00a0aroma\u00a0\u00bb et \u00ab\u00a0th\u00e9rapie\u00a0\u00bb les notions de fragrance et de soins sont associ\u00e9es. les champs d&rsquo;application de l&rsquo;aromath\u00e9rapie sont vastes et vari\u00e9s ; les usages les plus connus sont :<\/p>\n\n\n\n<ul class=\"wp-block-list\"><li>La sant\u00e9<\/li><li>Le bien-\u00eatre<\/li><li>La cosm\u00e9tique<\/li><li>L&rsquo;hygi\u00e8ne des espaces int\u00e9rieurs<\/li><\/ul>\n\n\n\n<p>En 1928,&nbsp;le chimiste Ren\u00e9-Maurice&nbsp;Gattefoss\u00e9 invente le mot \u00ab\u00a0aromath\u00e9rapie\u00a0\u00bb \u00e0 la suite&nbsp;d&rsquo;un accident. Alors qu&rsquo;il se br\u00fble&nbsp;gravement dans son&nbsp;laboratoire, il plonge par&nbsp;r\u00e9flexe sa main bless\u00e9e dans&nbsp;une bassine remplie d&rsquo;huile&nbsp;essentielle de lavande et le&nbsp;soulagement est imm\u00e9diat.&nbsp;Sa curiosit\u00e9 le poussera \u00e0&nbsp;poursuivre ses investigations.&nbsp;C&rsquo;est lui qui ouvrira la voie&nbsp;\u00e0 la pratique actuelle.<\/p>\n","protected":false},"excerpt":{"rendered":"<p>L&rsquo;aromath\u00e9rapie utilise les huiles essentielles pour soigner ou am\u00e9liorer un \u00e9tat g\u00e9n\u00e9ral. Comme l&rsquo;indiquent \u00ab\u00a0aroma\u00a0\u00bb et \u00ab\u00a0th\u00e9rapie\u00a0\u00bb les notions de fragrance et de soins sont associ\u00e9es. les champs d&rsquo;application de l&rsquo;aromath\u00e9rapie sont vastes et vari\u00e9s ; les usages les plus connus sont : La sant\u00e9 Le bien-\u00eatre La cosm\u00e9tique L&rsquo;hygi\u00e8ne des espaces int\u00e9rieurs En 1928,&nbsp;le &hellip; <\/p>\n<p class=\"link-more\"><a href=\"https:\/\/herborely.fr\/index.php\/aromatherapie\/\" class=\"more-link\">Continuer la lecture<span class=\"screen-reader-text\"> de &laquo;&nbsp;Aromath\u00e9rapie&nbsp;&raquo;<\/span><\/a><\/p>\n","protected":false},"author":2,"featured_media":0,"parent":0,"menu_order":0,"comment_status":"closed","ping_status":"closed","template":"","meta":{"_monsterinsights_skip_tracking":false,"_monsterinsights_sitenote_active":false,"_monsterinsights_sitenote_note":"","_monsterinsights_sitenote_category":0,"footnotes":""},"class_list":["post-21","page","type-page","status-publish","hentry"],"_links":{"self":[{"href":"https:\/\/herborely.fr\/index.php\/wp-json\/wp\/v2\/pages\/21","targetHints":{"allow":["GET"]}}],"collection":[{"href":"https:\/\/herborely.fr\/index.php\/wp-json\/wp\/v2\/pages"}],"about":[{"href":"https:\/\/herborely.fr\/index.php\/wp-json\/wp\/v2\/types\/page"}],"author":[{"embeddable":true,"href":"https:\/\/herborely.fr\/index.php\/wp-json\/wp\/v2\/users\/2"}],"replies":[{"embeddable":true,"href":"https:\/\/herborely.fr\/index.php\/wp-json\/wp\/v2\/comments?post=21"}],"version-history":[{"count":5,"href":"https:\/\/herborely.fr\/index.php\/wp-json\/wp\/v2\/pages\/21\/revisions"}],"predecessor-version":[{"id":62,"href":"https:\/\/herborely.fr\/index.php\/wp-json\/wp\/v2\/pages\/21\/revisions\/62"}],"wp:attachment":[{"href":"https:\/\/herborely.fr\/index.php\/wp-json\/wp\/v2\/media?parent=21"}],"curies":[{"name":"wp","href":"https:\/\/api.w.org\/{rel}","templated":true}]}}