{"id":2,"date":"2022-01-17T16:27:07","date_gmt":"2022-01-17T15:27:07","guid":{"rendered":"https:\/\/herborely.fr\/?page_id=2"},"modified":"2022-03-22T09:53:21","modified_gmt":"2022-03-22T08:53:21","slug":"page-d-exemple","status":"publish","type":"page","link":"https:\/\/herborely.fr\/","title":{"rendered":"L&rsquo;aromath\u00e9rapie et l&rsquo;herboristerie"},"content":{"rendered":"\n<p><em>Dipl\u00f4m\u00e9e en aromath\u00e9rapie et herboristerie. Je vous accompagne et vous conseille.<br>Aur\u00e9lie Delenclos<\/em><\/p>\n\n\n\n<p><\/p>\n\n\n\n<p><strong>Aromath\u00e9rapie<\/strong><br>L\u2019aromath\u00e9rapie utilise les huiles essentielles pour soigner ou am\u00e9liorer un \u00e9tat g\u00e9n\u00e9ral. Comme l\u2019indiquent \u00ab\u00a0aroma\u00a0\u00bb et \u00ab\u00a0th\u00e9rapie\u00a0\u00bb les notions de fragrance et de soins sont associ\u00e9es. les champs d\u2019application de l\u2019aromath\u00e9rapie sont vastes et vari\u00e9s ; les usages les plus connus sont :<\/p>\n\n\n\n<ul class=\"wp-block-list\"><li>La sant\u00e9<\/li><li>Le bien-\u00eatre<\/li><li>La cosm\u00e9tique<\/li><li>L\u2019hygi\u00e8ne des espaces int\u00e9rieurs<\/li><\/ul>\n\n\n\n<p><\/p>\n\n\n\n<p><strong>Herboristerie<\/strong><br>Les plantes apaisent bien des maux, et en m\u00eame temps, elles sont de v\u00e9ritables sources de bien-\u00eatre.<br>Il existe un large \u00e9ventail de plantes m\u00e9dicinales permettant de traiter une multiplicit\u00e9 de maux. Chacune d\u2019elles a ses domaines d\u2019actions.<\/p>\n\n\n\n<ul class=\"wp-block-list\"><li>d\u00e9pression<\/li><li>infections<\/li><li>stress<\/li><li>fatigue<\/li><li>digestion<\/li><\/ul>\n\n\n\n<p><br><strong>Ateliers de fabrication<\/strong><br>Autour d\u2019une table charg\u00e9e de flacons, vous concocterez vos produits cosm\u00e9tiques naturels.<br>Durant deux heures, venez fabriquer vos besoins du quotidien.<br><\/p>\n\n\n\n<p><strong>Chiens et Chats<\/strong><br>Nos amis font partie de notre vie, connaitre leurs comportements nous permet de respecter leurs besoins.<\/p>\n\n\n\n<p>Un animal en situation de bien-\u00eatre, c\u2019est un animal qui se porte bien physiquement et mentalement.<\/p>\n\n\n\n<p><\/p>\n","protected":false},"excerpt":{"rendered":"<p>Dipl\u00f4m\u00e9e en aromath\u00e9rapie et herboristerie. Je vous accompagne et vous conseille.Aur\u00e9lie Delenclos Aromath\u00e9rapieL\u2019aromath\u00e9rapie utilise les huiles essentielles pour soigner ou am\u00e9liorer un \u00e9tat g\u00e9n\u00e9ral. Comme l\u2019indiquent \u00ab\u00a0aroma\u00a0\u00bb et \u00ab\u00a0th\u00e9rapie\u00a0\u00bb les notions de fragrance et de soins sont associ\u00e9es. les champs d\u2019application de l\u2019aromath\u00e9rapie sont vastes et vari\u00e9s ; les usages les plus connus sont : &hellip; <\/p>\n<p class=\"link-more\"><a href=\"https:\/\/herborely.fr\/\" class=\"more-link\">Continuer la lecture<span class=\"screen-reader-text\"> de &laquo;&nbsp;L&rsquo;aromath\u00e9rapie et l&rsquo;herboristerie&nbsp;&raquo;<\/span><\/a><\/p>\n","protected":false},"author":2,"featured_media":44,"parent":0,"menu_order":0,"comment_status":"closed","ping_status":"open","template":"","meta":{"_monsterinsights_skip_tracking":false,"_monsterinsights_sitenote_active":false,"_monsterinsights_sitenote_note":"","_monsterinsights_sitenote_category":0,"footnotes":""},"class_list":["post-2","page","type-page","status-publish","has-post-thumbnail","hentry"],"_links":{"self":[{"href":"https:\/\/herborely.fr\/index.php\/wp-json\/wp\/v2\/pages\/2","targetHints":{"allow":["GET"]}}],"collection":[{"href":"https:\/\/herborely.fr\/index.php\/wp-json\/wp\/v2\/pages"}],"about":[{"href":"https:\/\/herborely.fr\/index.php\/wp-json\/wp\/v2\/types\/page"}],"author":[{"embeddable":true,"href":"https:\/\/herborely.fr\/index.php\/wp-json\/wp\/v2\/users\/2"}],"replies":[{"embeddable":true,"href":"https:\/\/herborely.fr\/index.php\/wp-json\/wp\/v2\/comments?post=2"}],"version-history":[{"count":7,"href":"https:\/\/herborely.fr\/index.php\/wp-json\/wp\/v2\/pages\/2\/revisions"}],"predecessor-version":[{"id":135,"href":"https:\/\/herborely.fr\/index.php\/wp-json\/wp\/v2\/pages\/2\/revisions\/135"}],"wp:featuredmedia":[{"embeddable":true,"href":"https:\/\/herborely.fr\/index.php\/wp-json\/wp\/v2\/media\/44"}],"wp:attachment":[{"href":"https:\/\/herborely.fr\/index.php\/wp-json\/wp\/v2\/media?parent=2"}],"curies":[{"name":"wp","href":"https:\/\/api.w.org\/{rel}","templated":true}]}}